{"id":2353,"date":"2026-01-03T03:15:50","date_gmt":"2026-01-03T03:15:50","guid":{"rendered":"https:\/\/www.msdpacking.com\/?post_type=product&#038;p=2353"},"modified":"2026-01-03T03:15:57","modified_gmt":"2026-01-03T03:15:57","slug":"custom-pediatric-granule-pouch-supplier","status":"publish","type":"product","link":"https:\/\/www.msdpacking.com\/fr\/produit\/custom-pediatric-granule-pouch-supplier\/","title":{"rendered":"Custom Pediatric Granule Pouch Factory, Moisture-Resistant Medicine Packaging Specialist"},"content":{"rendered":"<h2 class=\"wp-block-heading\">Custom Pediatric Granule Pouch Features:<\/h2><div class=\"wp-block-columns is-layout-flex wp-container-core-columns-is-layout-9d6595d7 wp-block-columns-is-layout-flex\"><div class=\"wp-block-column is-layout-flow wp-block-column-is-layout-flow\"><ul class=\"wp-block-list\"><li><strong>Easy-Tear Notch &amp; Leak-Proof Design<\/strong><br>The manufacturer of customized oral liquid sachet packaging features precise perforations, allowing for easy opening without the need for scissors. Advanced heat sealing technology ensures complete anti-leakage, making it an ideal choice for powder herbal medicine, medicinal powder, and traditional prescription supplements, as well as customized small bags of solid dosage drugs.<br><\/li>\n\n<li><strong>High-Barrier Multi-Layer Film Structure<\/strong><br>Using multi-layer high-barrier composite materials to ensure protection against oxygen, light, and moisture. This maintains drug stability and extends shelf life for sensitive formulations.<\/li><\/ul>\n\n<figure class=\"wp-block-image size-full\"><img decoding=\"async\" width=\"840\" height=\"840\" src=\"https:\/\/www.msdpacking.com\/wp-content\/uploads\/2025\/12\/High-Barrier-Pediatric-Granule-Pouch-Moisture-Resistant-Medicine-Packaging-Specialist-4.webp\" alt=\"High-Barrier-Pediatric-Granule-Pouch-Moisture-Resistant-Medicine-Packaging-Specialist-4\" class=\"wp-image-2407\" srcset=\"https:\/\/www.msdpacking.com\/wp-content\/uploads\/2025\/12\/High-Barrier-Pediatric-Granule-Pouch-Moisture-Resistant-Medicine-Packaging-Specialist-4.webp 840w, https:\/\/www.msdpacking.com\/wp-content\/uploads\/2025\/12\/High-Barrier-Pediatric-Granule-Pouch-Moisture-Resistant-Medicine-Packaging-Specialist-4-300x300.webp 300w, https:\/\/www.msdpacking.com\/wp-content\/uploads\/2025\/12\/High-Barrier-Pediatric-Granule-Pouch-Moisture-Resistant-Medicine-Packaging-Specialist-4-150x150.webp 150w, https:\/\/www.msdpacking.com\/wp-content\/uploads\/2025\/12\/High-Barrier-Pediatric-Granule-Pouch-Moisture-Resistant-Medicine-Packaging-Specialist-4-768x768.webp 768w, https:\/\/www.msdpacking.com\/wp-content\/uploads\/2025\/12\/High-Barrier-Pediatric-Granule-Pouch-Moisture-Resistant-Medicine-Packaging-Specialist-4-12x12.webp 12w, https:\/\/www.msdpacking.com\/wp-content\/uploads\/2025\/12\/High-Barrier-Pediatric-Granule-Pouch-Moisture-Resistant-Medicine-Packaging-Specialist-4-600x600.webp 600w, https:\/\/www.msdpacking.com\/wp-content\/uploads\/2025\/12\/High-Barrier-Pediatric-Granule-Pouch-Moisture-Resistant-Medicine-Packaging-Specialist-4-100x100.webp 100w\" sizes=\"(max-width: 840px) 100vw, 840px\" \/><\/figure><\/div>\n\n<div class=\"wp-block-column is-layout-flow wp-block-column-is-layout-flow\"><figure class=\"wp-block-image size-full\"><img decoding=\"async\" width=\"840\" height=\"840\" src=\"https:\/\/www.msdpacking.com\/wp-content\/uploads\/2025\/12\/High-Barrier-Pediatric-Granule-Pouch-Moisture-Resistant-Medicine-Packaging-Specialist-5.webp\" alt=\"High-Barrier-Pediatric-Granule-Pouch-Moisture-Resistant-Medicine-Packaging-Specialist-5\" class=\"wp-image-2408\" srcset=\"https:\/\/www.msdpacking.com\/wp-content\/uploads\/2025\/12\/High-Barrier-Pediatric-Granule-Pouch-Moisture-Resistant-Medicine-Packaging-Specialist-5.webp 840w, https:\/\/www.msdpacking.com\/wp-content\/uploads\/2025\/12\/High-Barrier-Pediatric-Granule-Pouch-Moisture-Resistant-Medicine-Packaging-Specialist-5-300x300.webp 300w, https:\/\/www.msdpacking.com\/wp-content\/uploads\/2025\/12\/High-Barrier-Pediatric-Granule-Pouch-Moisture-Resistant-Medicine-Packaging-Specialist-5-150x150.webp 150w, https:\/\/www.msdpacking.com\/wp-content\/uploads\/2025\/12\/High-Barrier-Pediatric-Granule-Pouch-Moisture-Resistant-Medicine-Packaging-Specialist-5-768x768.webp 768w, https:\/\/www.msdpacking.com\/wp-content\/uploads\/2025\/12\/High-Barrier-Pediatric-Granule-Pouch-Moisture-Resistant-Medicine-Packaging-Specialist-5-12x12.webp 12w, https:\/\/www.msdpacking.com\/wp-content\/uploads\/2025\/12\/High-Barrier-Pediatric-Granule-Pouch-Moisture-Resistant-Medicine-Packaging-Specialist-5-600x600.webp 600w, https:\/\/www.msdpacking.com\/wp-content\/uploads\/2025\/12\/High-Barrier-Pediatric-Granule-Pouch-Moisture-Resistant-Medicine-Packaging-Specialist-5-100x100.webp 100w\" sizes=\"(max-width: 840px) 100vw, 840px\" \/><\/figure>\n\n<ul class=\"wp-block-list\"><li><strong>Leak-Proof Heat Sealing<\/strong><br>Adopting an automated heat sealing production line to ensure firm and leak-proof packaging, adapting to hot filling, pasteurization, and other process flows, and ensuring the safety and hygiene of products during transportation and sales.<br><\/li>\n\n<li><strong>Tailored Sizes &amp; Dosage Specific Volumes<\/strong><br>We provide pouch customization services in various capacities, enabling flexible packaging solutions for single-dose or multi-use requirements.<br><\/li>\n\n<li><strong>GMP Compliant &amp; Purification Workshops Manufactured<\/strong><br>As a professional supplier of pharmaceutical sachets, we produce in a 100,000-grade purification workshop under the strict GMP guidance, ensuring that the pollution-free sachets of powdered drugs are recognized by global supervision.<br><\/li>\n\n<li><strong>Full Branding &amp; Label Customization<\/strong><br>We support high-definition color printing and multi-language packaging customization, providing unique recognition and market competitiveness for health brands, and helping to create a high-end pharmaceutical image.<\/li><\/ul><\/div><\/div><figure class=\"wp-block-table\"><table class=\"has-fixed-layout\"><tbody><tr><td>Product<\/td><td>High-Barrier Pediatric Granule Pouch<\/td><\/tr><tr><td>Material<\/td><td>PET\/AL\/PE, PET\/VMPET\/PE, VM-PET, Aluminum, Customized available<\/td><\/tr><tr><td>Available Type<\/td><td>Three Side Seal Pouch, Lay Flat Pouch<\/td><\/tr><tr><td>Size and Thickness<\/td><td>Customized<\/td><\/tr><tr><td>Surface Finish<\/td><td>Glossy Matte Or Spot UV, etc. by Gravure Printing<\/td><\/tr><tr><td>Customized Color<\/td><td>Customized Color Available, Pantone &amp; CMYK<\/td><\/tr><tr><td>Applications<\/td><td>Herbal Tea Bags &amp; Blends, Health Beverage Powders, Functional Drink Crystals, etc.<\/td><\/tr><tr><td>Custom Order<\/td><td>Accept OEM &amp; ODM<\/td><\/tr><tr><td>Sample<\/td><td>Free Standard Samples for Testing<\/td><\/tr><tr><td>MOQ<\/td><td>10,000 Pieces<\/td><\/tr><tr><td>Lead Time<\/td><td>15-30 Days<\/td><\/tr><tr><td>Place of Origin<\/td><td>Guangdong, China<\/td><\/tr><tr><td>Added-value Services<\/td><td>Valve, Tin Tie, Zipper( PTC zipper, pull tab zipper, child-proof zipper, etc), Window ( Clear or frosted)<\/td><\/tr><tr><td>Certification<\/td><td>FDA, ISO 9001, FSC, REACH<\/td><\/tr><\/tbody><\/table><\/figure>","protected":false},"excerpt":{"rendered":"<p data-start=\"107\" data-end=\"355\">Meishida specializes in the manufacturing of <strong>high-quality, custom pharma pouches<\/strong>, ideal for unit-dose pharmaceuticals, nutritional supplements, and powdered beverages. Our capabilities include the use of high-barrier laminated materials, precision printing, and construction that meets stringent industry compliance standards. <br \/>Contact us today to get your <strong>tailored packaging solutions<\/strong> and <strong>FREE samples<\/strong>.<\/p>\n<h3>Specification of Custom Pediatric Granule Pouch<\/h3>\n<ul>\n<li><strong>Manufacturer<\/strong>: Meishida<\/li>\n<li><strong>Pouch Types<\/strong>: <a href=\"https:\/\/www.msdpacking.com\/fr\/categorie-produit\/three-side-seal-pouch-supplier\/\">Pochette \u00e0 sceller sur trois c\u00f4t\u00e9s<\/a>, <a href=\"https:\/\/www.msdpacking.com\/fr\/categorie-produit\/custom-flat-pouches\/\">Lay Flat Pouch<\/a><br \/><strong>Material<\/strong>: PET\/AL\/PE<\/li>\n<li><strong>Special Feature<\/strong>: Tear Notch<\/li>\n<li><strong>Color<\/strong>: Double-Side Printing, Up to 10 Colors<\/li>\n<li><strong>MOQ<\/strong>: 10,000pcs<\/li>\n<li><strong>Custom Order<\/strong>: Accept OEM &amp; ODM, Support Free Sample<\/li>\n<\/ul>","protected":false},"featured_media":2406,"comment_status":"closed","ping_status":"closed","template":"","meta":{"_acf_changed":false},"packaging-solution":[30],"product_brand":[],"product_cat":[17,44],"product_tag":[],"class_list":{"0":"post-2353","1":"product","2":"type-product","3":"status-publish","4":"has-post-thumbnail","6":"packaging-solution-pharma-packaging-wholesale","7":"product_cat-three-side-seal-pouch-supplier","8":"product_cat-custom-flat-pouches","10":"first","11":"instock","12":"shipping-taxable","13":"product-type-simple"},"acf":[],"_links":{"self":[{"href":"https:\/\/www.msdpacking.com\/fr\/wp-json\/wp\/v2\/product\/2353","targetHints":{"allow":["GET"]}}],"collection":[{"href":"https:\/\/www.msdpacking.com\/fr\/wp-json\/wp\/v2\/product"}],"about":[{"href":"https:\/\/www.msdpacking.com\/fr\/wp-json\/wp\/v2\/types\/product"}],"replies":[{"embeddable":true,"href":"https:\/\/www.msdpacking.com\/fr\/wp-json\/wp\/v2\/comments?post=2353"}],"wp:featuredmedia":[{"embeddable":true,"href":"https:\/\/www.msdpacking.com\/fr\/wp-json\/wp\/v2\/media\/2406"}],"wp:attachment":[{"href":"https:\/\/www.msdpacking.com\/fr\/wp-json\/wp\/v2\/media?parent=2353"}],"wp:term":[{"taxonomy":"packaging-solution","embeddable":true,"href":"https:\/\/www.msdpacking.com\/fr\/wp-json\/wp\/v2\/packaging-solution?post=2353"},{"taxonomy":"product_brand","embeddable":true,"href":"https:\/\/www.msdpacking.com\/fr\/wp-json\/wp\/v2\/product_brand?post=2353"},{"taxonomy":"product_cat","embeddable":true,"href":"https:\/\/www.msdpacking.com\/fr\/wp-json\/wp\/v2\/product_cat?post=2353"},{"taxonomy":"product_tag","embeddable":true,"href":"https:\/\/www.msdpacking.com\/fr\/wp-json\/wp\/v2\/product_tag?post=2353"}],"curies":[{"name":"wp","href":"https:\/\/api.w.org\/{rel}","templated":true}]}}