{"id":1027,"date":"2025-03-21T09:45:39","date_gmt":"2025-03-21T09:45:39","guid":{"rendered":"https:\/\/www.msdpacking.com\/?post_type=product&#038;p=1027"},"modified":"2025-03-21T09:45:40","modified_gmt":"2025-03-21T09:45:40","slug":"custom-automatic-packaging-film","status":"publish","type":"product","link":"https:\/\/www.msdpacking.com\/es\/producto\/custom-automatic-packaging-film\/","title":{"rendered":"Film de Envasado Autom\u00e1tico a Medida para Medicamentos en Polvo, Fabricante Mayorista de Film Laminado"},"content":{"rendered":"<figure class=\"wp-block-table is-style-stripes\"><table class=\"has-fixed-layout\"><tbody><tr><td>Product<\/td><td>Film de Envasado Autom\u00e1tico a Medida para Medicamentos en Polvo, Fabricante Mayorista de Film Laminado<\/td><\/tr><tr><td>Material<\/td><td>PET\/AL\/PE, PET\/VMPET\/PE, VM-PET, Aluminum, Customized available<\/td><\/tr><tr><td>Available Type<\/td><td>Pel\u00edcula en rollo<\/td><\/tr><tr><td>Size and Thickness<\/td><td>Customized Color Available, Pantone &amp; CMYK<\/td><\/tr><tr><td>Surface Finish<\/td><td>Glossy Matte Or Spot UV, etc. by Gravure Printing<\/td><\/tr><tr><td>Customized Color<\/td><td>Customized Color Avaialble, Pantone &amp; CMYK<\/td><\/tr><tr><td>Applications<\/td><td>Medicine Powder, Granules, Chemicals, etc.<\/td><\/tr><tr><td>Custom Order<\/td><td>Accept OEM &amp; ODM<\/td><\/tr><tr><td>Sample<\/td><td>Free Standard Samples for Testing<\/td><\/tr><tr><td>MOQ<\/td><td>10,000 Pieces<\/td><\/tr><tr><td>Lead Time<\/td><td>15-30 Days<\/td><\/tr><tr><td>Place of Origin<\/td><td>Guangdong, China<\/td><\/tr><tr><td>Added-value Services<\/td><td>Valve, Tin Tie, Zipper( PTC zipper, pull tab zipper, child-proof zipper, etc), Window ( Clear or frosted)<\/td><\/tr><tr><td>Certification<\/td><td>FDA, ISO 9001, FSC, REACH<\/td><\/tr><\/tbody><\/table><\/figure><div class=\"wp-block-columns is-layout-flex wp-container-core-columns-is-layout-9d6595d7 wp-block-columns-is-layout-flex\"><div class=\"wp-block-column is-layout-flow wp-block-column-is-layout-flow\"><h2 class=\"wp-block-heading\">Medicine Powder Laminated Film Manufacturer&#8217;s Solution<\/h2>\n\n<h3 class=\"wp-block-heading\">Highly Efficient Automated Packaging Adaptation<\/h3>\n\n<p>Our custom automatic packaging film is designed for pharmaceutical powder packaging, suitable for high-speed automatic packaging machines, ensuring a smooth and unobstructed packaging process, improving production efficiency, and reducing labor costs.<\/p>\n\n<h3 class=\"wp-block-heading\">Custom Service to Meet Individual Needs<\/h3>\n\n<p>Support a variety of thicknesses, sizes, and printing processes, which can be customized brand LOGO, drug information, bar code, etc., to help pharmaceutical companies create packaging solutions to meet market demand.<\/p>\n\n<h3 class=\"wp-block-heading\">Wholesale Supply for Pharmaceutical Enterprises &amp; OEMs<\/h3>\n\n<p>As a professional laminated packaging film manufacturer, we offer bulk customization and supply for pharmaceutical manufacturers, OEM foundries, and wholesalers, ensuring high quality, low cost, and fast delivery.<\/p><\/div>\n\n<div class=\"wp-block-column is-layout-flow wp-block-column-is-layout-flow\"><figure class=\"wp-block-image size-full\"><img decoding=\"async\" width=\"2598\" height=\"2598\" src=\"https:\/\/www.msdpacking.com\/wp-content\/uploads\/2025\/03\/Custom-Automatic-Packaging-Film-for-Medicine-Powder-2.webp\" alt=\"Custom Automatic Packaging Film for Medicine Powder (2)\" class=\"wp-image-1029\" srcset=\"https:\/\/www.msdpacking.com\/wp-content\/uploads\/2025\/03\/Custom-Automatic-Packaging-Film-for-Medicine-Powder-2.webp 2598w, https:\/\/www.msdpacking.com\/wp-content\/uploads\/2025\/03\/Custom-Automatic-Packaging-Film-for-Medicine-Powder-2-300x300.webp 300w, https:\/\/www.msdpacking.com\/wp-content\/uploads\/2025\/03\/Custom-Automatic-Packaging-Film-for-Medicine-Powder-2-150x150.webp 150w, https:\/\/www.msdpacking.com\/wp-content\/uploads\/2025\/03\/Custom-Automatic-Packaging-Film-for-Medicine-Powder-2-768x768.webp 768w, https:\/\/www.msdpacking.com\/wp-content\/uploads\/2025\/03\/Custom-Automatic-Packaging-Film-for-Medicine-Powder-2-12x12.webp 12w, https:\/\/www.msdpacking.com\/wp-content\/uploads\/2025\/03\/Custom-Automatic-Packaging-Film-for-Medicine-Powder-2-1200x1200.webp 1200w, https:\/\/www.msdpacking.com\/wp-content\/uploads\/2025\/03\/Custom-Automatic-Packaging-Film-for-Medicine-Powder-2-600x600.webp 600w, https:\/\/www.msdpacking.com\/wp-content\/uploads\/2025\/03\/Custom-Automatic-Packaging-Film-for-Medicine-Powder-2-100x100.webp 100w\" sizes=\"(max-width: 2598px) 100vw, 2598px\" \/><\/figure><\/div><\/div><p><\/p>","protected":false},"excerpt":{"rendered":"<p>Proporcionamos pel\u00edcula de envasado autom\u00e1tico personalizado para polvo farmac\u00e9utico, de alta barrera y a prueba de humedad, apoyamos el envasado automatizado y el suministro a granel, y ayudamos a las empresas farmac\u00e9uticas a producir de manera eficiente, \u00a1bienvenidos a contactarnos!<\/p>\n<h2>Caracter\u00edsticas de la pel\u00edcula para envasado autom\u00e1tico personalizada para medicamentos en polvo<\/h2>\n<p><strong>Adaptaci\u00f3n automatizada de envases<\/strong>Adecuado para envasadoras autom\u00e1ticas de alta velocidad, mejora la eficacia de la producci\u00f3n<br \/>\n<strong>Pel\u00edcula laminada de alta barrera<\/strong>A prueba de humedad y antioxidaci\u00f3n, prolonga la vida \u00fatil del polvo.<br \/>\n<strong>Seguridad alimentaria<\/strong>: Cumplir las normas de envasado farmac\u00e9utico para garantizar la seguridad y la no contaminaci\u00f3n.<br \/>\n<strong>Especificaciones personalizadas<\/strong>: Soporta diferentes grosores, tama\u00f1os y dise\u00f1os de impresi\u00f3n.<br \/>\n<strong>Ventaja de costes<\/strong>: Suministro directo de los fabricantes, producci\u00f3n en serie, precio competitivo.<\/p>","protected":false},"featured_media":1028,"comment_status":"open","ping_status":"closed","template":"","meta":{"_acf_changed":false},"packaging-solution":[30],"product_brand":[],"product_cat":[18],"product_tag":[],"class_list":{"0":"post-1027","1":"product","2":"type-product","3":"status-publish","4":"has-post-thumbnail","6":"packaging-solution-pharma-packaging-wholesale","7":"product_cat-rollstock-film-manufacturer","9":"first","10":"instock","11":"shipping-taxable","12":"product-type-simple"},"acf":[],"_links":{"self":[{"href":"https:\/\/www.msdpacking.com\/es\/wp-json\/wp\/v2\/product\/1027","targetHints":{"allow":["GET"]}}],"collection":[{"href":"https:\/\/www.msdpacking.com\/es\/wp-json\/wp\/v2\/product"}],"about":[{"href":"https:\/\/www.msdpacking.com\/es\/wp-json\/wp\/v2\/types\/product"}],"replies":[{"embeddable":true,"href":"https:\/\/www.msdpacking.com\/es\/wp-json\/wp\/v2\/comments?post=1027"}],"wp:featuredmedia":[{"embeddable":true,"href":"https:\/\/www.msdpacking.com\/es\/wp-json\/wp\/v2\/media\/1028"}],"wp:attachment":[{"href":"https:\/\/www.msdpacking.com\/es\/wp-json\/wp\/v2\/media?parent=1027"}],"wp:term":[{"taxonomy":"packaging-solution","embeddable":true,"href":"https:\/\/www.msdpacking.com\/es\/wp-json\/wp\/v2\/packaging-solution?post=1027"},{"taxonomy":"product_brand","embeddable":true,"href":"https:\/\/www.msdpacking.com\/es\/wp-json\/wp\/v2\/product_brand?post=1027"},{"taxonomy":"product_cat","embeddable":true,"href":"https:\/\/www.msdpacking.com\/es\/wp-json\/wp\/v2\/product_cat?post=1027"},{"taxonomy":"product_tag","embeddable":true,"href":"https:\/\/www.msdpacking.com\/es\/wp-json\/wp\/v2\/product_tag?post=1027"}],"curies":[{"name":"wp","href":"https:\/\/api.w.org\/{rel}","templated":true}]}}