{"id":1027,"date":"2025-03-21T09:45:39","date_gmt":"2025-03-21T09:45:39","guid":{"rendered":"https:\/\/www.msdpacking.com\/?post_type=product&#038;p=1027"},"modified":"2025-03-21T09:45:40","modified_gmt":"2025-03-21T09:45:40","slug":"custom-automatic-packaging-film","status":"publish","type":"product","link":"https:\/\/www.msdpacking.com\/de\/produkt\/custom-automatic-packaging-film\/","title":{"rendered":"Benutzerdefinierte automatische Verpackung Film f\u00fcr Medizin Pulver, Gro\u00dfhandel laminiert Film Hersteller"},"content":{"rendered":"<figure class=\"wp-block-table is-style-stripes\"><table class=\"has-fixed-layout\"><tbody><tr><td>Product<\/td><td>Benutzerdefinierte automatische Verpackung Film f\u00fcr Medizin Pulver, Gro\u00dfhandel laminiert Film Hersteller<\/td><\/tr><tr><td>Material<\/td><td>PET\/AL\/PE, PET\/VMPET\/PE, VM-PET, Aluminum, Customized available<\/td><\/tr><tr><td>Available Type<\/td><td>Rollstock-Film<\/td><\/tr><tr><td>Size and Thickness<\/td><td>Customized Color Available, Pantone &amp; CMYK<\/td><\/tr><tr><td>Surface Finish<\/td><td>Glossy Matte Or Spot UV, etc. by Gravure Printing<\/td><\/tr><tr><td>Customized Color<\/td><td>Customized Color Avaialble, Pantone &amp; CMYK<\/td><\/tr><tr><td>Applications<\/td><td>Medicine Powder, Granules, Chemicals, etc.<\/td><\/tr><tr><td>Custom Order<\/td><td>Accept OEM &amp; ODM<\/td><\/tr><tr><td>Sample<\/td><td>Free Standard Samples for Testing<\/td><\/tr><tr><td>MOQ<\/td><td>10,000 Pieces<\/td><\/tr><tr><td>Lead Time<\/td><td>15-30 Days<\/td><\/tr><tr><td>Place of Origin<\/td><td>Guangdong, China<\/td><\/tr><tr><td>Added-value Services<\/td><td>Valve, Tin Tie, Zipper( PTC zipper, pull tab zipper, child-proof zipper, etc), Window ( Clear or frosted)<\/td><\/tr><tr><td>Certification<\/td><td>FDA, ISO 9001, FSC, REACH<\/td><\/tr><\/tbody><\/table><\/figure><div class=\"wp-block-columns is-layout-flex wp-container-core-columns-is-layout-9d6595d7 wp-block-columns-is-layout-flex\"><div class=\"wp-block-column is-layout-flow wp-block-column-is-layout-flow\"><h2 class=\"wp-block-heading\">Medicine Powder Laminated Film Manufacturer&#8217;s Solution<\/h2>\n\n<h3 class=\"wp-block-heading\">Highly Efficient Automated Packaging Adaptation<\/h3>\n\n<p>Our custom automatic packaging film is designed for pharmaceutical powder packaging, suitable for high-speed automatic packaging machines, ensuring a smooth and unobstructed packaging process, improving production efficiency, and reducing labor costs.<\/p>\n\n<h3 class=\"wp-block-heading\">Custom Service to Meet Individual Needs<\/h3>\n\n<p>Support a variety of thicknesses, sizes, and printing processes, which can be customized brand LOGO, drug information, bar code, etc., to help pharmaceutical companies create packaging solutions to meet market demand.<\/p>\n\n<h3 class=\"wp-block-heading\">Wholesale Supply for Pharmaceutical Enterprises &amp; OEMs<\/h3>\n\n<p>As a professional laminated packaging film manufacturer, we offer bulk customization and supply for pharmaceutical manufacturers, OEM foundries, and wholesalers, ensuring high quality, low cost, and fast delivery.<\/p><\/div>\n\n<div class=\"wp-block-column is-layout-flow wp-block-column-is-layout-flow\"><figure class=\"wp-block-image size-full\"><img decoding=\"async\" width=\"2598\" height=\"2598\" src=\"https:\/\/www.msdpacking.com\/wp-content\/uploads\/2025\/03\/Custom-Automatic-Packaging-Film-for-Medicine-Powder-2.webp\" alt=\"Custom Automatic Packaging Film for Medicine Powder (2)\" class=\"wp-image-1029\" srcset=\"https:\/\/www.msdpacking.com\/wp-content\/uploads\/2025\/03\/Custom-Automatic-Packaging-Film-for-Medicine-Powder-2.webp 2598w, https:\/\/www.msdpacking.com\/wp-content\/uploads\/2025\/03\/Custom-Automatic-Packaging-Film-for-Medicine-Powder-2-300x300.webp 300w, https:\/\/www.msdpacking.com\/wp-content\/uploads\/2025\/03\/Custom-Automatic-Packaging-Film-for-Medicine-Powder-2-150x150.webp 150w, https:\/\/www.msdpacking.com\/wp-content\/uploads\/2025\/03\/Custom-Automatic-Packaging-Film-for-Medicine-Powder-2-768x768.webp 768w, https:\/\/www.msdpacking.com\/wp-content\/uploads\/2025\/03\/Custom-Automatic-Packaging-Film-for-Medicine-Powder-2-12x12.webp 12w, https:\/\/www.msdpacking.com\/wp-content\/uploads\/2025\/03\/Custom-Automatic-Packaging-Film-for-Medicine-Powder-2-1200x1200.webp 1200w, https:\/\/www.msdpacking.com\/wp-content\/uploads\/2025\/03\/Custom-Automatic-Packaging-Film-for-Medicine-Powder-2-600x600.webp 600w, https:\/\/www.msdpacking.com\/wp-content\/uploads\/2025\/03\/Custom-Automatic-Packaging-Film-for-Medicine-Powder-2-100x100.webp 100w\" sizes=\"(max-width: 2598px) 100vw, 2598px\" \/><\/figure><\/div><\/div><p><\/p>","protected":false},"excerpt":{"rendered":"<p>Wir bieten kundenspezifische automatische Verpackungsfolien f\u00fcr pharmazeutische Pulver, Hochbarrierefolien und feuchtigkeitsbest\u00e4ndige Folien, unterst\u00fctzen die automatische Verpackung und die Lieferung von Bulkware und helfen pharmazeutischen Unternehmen, effizient zu produzieren. Bitte kontaktieren Sie uns!<\/p>\n<h2>Merkmale der kundenspezifischen automatischen Verpackungsfolie f\u00fcr Medizinpulver<\/h2>\n<p><strong>Automatisierte Verpackungsanpassung<\/strong>: geeignet f\u00fcr automatische Hochgeschwindigkeits-Verpackungsmaschinen, Verbesserung der Produktionseffizienz<br \/>\n<strong>Hochbarrierelaminierte Folie<\/strong>: feuchtigkeitsbest\u00e4ndig, antioxidativ, verl\u00e4ngert die Haltbarkeit des Pulvers.<br \/>\n<strong>Lebensmittelechte Sicherheit<\/strong>: Entspricht den pharmazeutischen Verpackungsnormen, um Sicherheit und Schadstofffreiheit zu gew\u00e4hrleisten.<br \/>\n<strong>Kundenspezifische Spezifikationen<\/strong>: Unterst\u00fctzt verschiedene St\u00e4rken, Gr\u00f6\u00dfen und Druckdesigns.<br \/>\n<strong>Kostenvorteil<\/strong>: Direkte Lieferung vom Hersteller, Massenproduktion, konkurrenzf\u00e4higer Preis.<\/p>","protected":false},"featured_media":1028,"comment_status":"open","ping_status":"closed","template":"","meta":{"_acf_changed":false},"packaging-solution":[30],"product_brand":[],"product_cat":[18],"product_tag":[],"class_list":{"0":"post-1027","1":"product","2":"type-product","3":"status-publish","4":"has-post-thumbnail","6":"packaging-solution-pharma-packaging-wholesale","7":"product_cat-rollstock-film-manufacturer","9":"first","10":"instock","11":"shipping-taxable","12":"product-type-simple"},"acf":[],"_links":{"self":[{"href":"https:\/\/www.msdpacking.com\/de\/wp-json\/wp\/v2\/product\/1027","targetHints":{"allow":["GET"]}}],"collection":[{"href":"https:\/\/www.msdpacking.com\/de\/wp-json\/wp\/v2\/product"}],"about":[{"href":"https:\/\/www.msdpacking.com\/de\/wp-json\/wp\/v2\/types\/product"}],"replies":[{"embeddable":true,"href":"https:\/\/www.msdpacking.com\/de\/wp-json\/wp\/v2\/comments?post=1027"}],"wp:featuredmedia":[{"embeddable":true,"href":"https:\/\/www.msdpacking.com\/de\/wp-json\/wp\/v2\/media\/1028"}],"wp:attachment":[{"href":"https:\/\/www.msdpacking.com\/de\/wp-json\/wp\/v2\/media?parent=1027"}],"wp:term":[{"taxonomy":"packaging-solution","embeddable":true,"href":"https:\/\/www.msdpacking.com\/de\/wp-json\/wp\/v2\/packaging-solution?post=1027"},{"taxonomy":"product_brand","embeddable":true,"href":"https:\/\/www.msdpacking.com\/de\/wp-json\/wp\/v2\/product_brand?post=1027"},{"taxonomy":"product_cat","embeddable":true,"href":"https:\/\/www.msdpacking.com\/de\/wp-json\/wp\/v2\/product_cat?post=1027"},{"taxonomy":"product_tag","embeddable":true,"href":"https:\/\/www.msdpacking.com\/de\/wp-json\/wp\/v2\/product_tag?post=1027"}],"curies":[{"name":"wp","href":"https:\/\/api.w.org\/{rel}","templated":true}]}}